{"id":747,"date":"2022-03-01T15:39:51","date_gmt":"2022-03-01T14:39:51","guid":{"rendered":"https:\/\/storeoryx.com\/?page_id=747"},"modified":"2022-04-01T14:19:53","modified_gmt":"2022-04-01T12:19:53","slug":"politique-de-livraison","status":"publish","type":"page","link":"https:\/\/storeoryx.com\/ar\/politique-de-livraison\/","title":{"rendered":"\u0633\u064a\u0627\u0633\u0629 \u0627\u0644\u062a\u0633\u0644\u064a\u0645"},"content":{"rendered":"<p><\/p>\n\n\n\n<p class=\"has-large-font-size\"><strong>\u0645\u0646\u0627\u0637\u0642 \u0627\u0644\u062a\u0633\u0644\u064a\u0645<\/strong><\/p>\n\n\n\n<p>\u0646\u0642\u0648\u0645 \u0628\u0627\u0644\u062a\u0633\u0644\u064a\u0645 \u0625\u0644\u0649 \u062c\u0645\u064a\u0639 \u0627\u0644\u0645\u062f\u0646 \u0627\u0644\u0643\u0628\u064a\u0631\u0629 \u0648\u0627\u0644\u0635\u063a\u064a\u0631\u0629 \u0641\u064a \u0627\u0644\u0645\u0645\u0644\u0643\u0629 \u060c \u0641\u064a\u0645\u0627 \u064a\u0644\u064a \u0628\u0639\u0636 \u0627\u0644\u0645\u0646\u0627\u0637\u0642 \u0627\u0644\u062a\u064a \u0646\u063a\u0637\u064a\u0647\u0627 \u0628\u0627\u0644\u0625\u0636\u0627\u0641\u0629 \u0625\u0644\u0649 \u0645\u0648\u0639\u062f \u0627\u0644\u062a\u0633\u0644\u064a\u0645 \u0644\u0623\u064a \u0637\u0644\u0628 \u064a\u062a\u0645 \u062a\u0642\u062f\u064a\u0645\u0647 \u0648\u0645\u0639\u0627\u0644\u062c\u062a\u0647 \u0642\u0628\u0644 \u0627\u0644\u0633\u0627\u0639\u0629 3 \u0632\u0648\u0627\u0644\u0627\u064b .<\/p>\n\n\n\n<div class=\"wp-block-image\"><figure class=\"aligncenter size-large\"><img decoding=\"async\" src=\"https:\/\/storeoryx.com\/wp-content\/uploads\/2022\/03\/livraisons-ar.png\" alt=\"\" class=\"wp-image-1289\" data-recalc-dims=\"1\" \/><\/figure><\/div>\n\n\n\n<p class=\"has-large-font-size\"><strong>\u062a\u063a\u064a\u064a\u0631 \u0639\u0646\u0648\u0627\u0646 \u0627\u0644\u062a\u0648\u0635\u064a\u0644:<\/strong><\/p>\n\n\n\n<p>\u0625\u0630\u0627 \u062a\u0645 \u0637\u0644\u0628 \u062a\u063a\u064a\u064a\u0631 \u0639\u0646\u0648\u0627\u0646 \u0627\u0644\u062a\u0633\u0644\u064a\u0645 \u0628\u0639\u062f \u0625\u0631\u0633\u0627\u0644 \u0627\u0644\u0637\u0644\u0628\u064a\u0629 \u060c \u0641\u064a\u0631\u062c\u0649 \u0625\u0634\u0639\u0627\u0631 \u0637\u0644\u0628\u0643 \u0639\u0644\u0649 contact@storeoryx.com \u0623\u0648 \u0639\u0646 \u0637\u0631\u064a\u0642 \u0627\u0644\u0627\u062a\u0635\u0627\u0644 \u0628\u0627\u0644\u062e\u0637 \u0627\u0644\u0633\u0627\u062e\u0646 \u0639\u0644\u0649 0660127127 <\/p>\n\n\n\n<p class=\"has-large-font-size\"><strong>\u00a0\u0628\u062e\u0635\u0648\u0635 \u0627\u0644\u0637\u0644\u0628\u0627\u062a \u063a\u064a\u0631 \u0627\u0644\u0645\u0633\u0644\u0645\u0629 \u0623\u0648 \u0627\u0644\u062a\u0627\u0644\u0641\u0629 :<\/strong><\/p>\n\n\n\n<p>\u0641\u064a \u062d\u0627\u0644\u0629 \u0639\u062f\u0645 \u0627\u0633\u062a\u0644\u0627\u0645 \u0637\u0644\u0628\u0643 \u062e\u0644\u0627\u0644 \u0627\u0644\u0648\u0642\u062a \u0627\u0644\u0645\u062d\u062f\u062f \u060c \u064a\u0631\u062c\u0649 \u0627\u0644\u0627\u062a\u0635\u0627\u0644 \u0628\u0627\u0644\u062e\u0637 \u0627\u0644\u0633\u0627\u062e\u0646 \u0627\u0644\u062e\u0627\u0635 \u0628\u0646\u0627 \u0639\u0644\u0649 0660127127.<\/p>\n\n\n\n<p>\u0625\u0630\u0627 \u062a\u0644\u0642\u064a\u062a \u0637\u0644\u0628\u0643 \u062a\u0627\u0644\u0641\u064b\u0627 \u060c \u0641\u064a\u0631\u062c\u0649 \u0627\u0644\u0627\u062a\u0635\u0627\u0644 \u0628\u0627\u0644\u062e\u0637 \u0627\u0644\u0633\u0627\u062e\u0646. \u0633\u0646\u0641\u0639\u0644 \u0645\u0627 \u0647\u0648 \u0636\u0631\u0648\u0631\u064a \u0644\u062a\u062d\u062f\u064a\u062f \u0627\u0644\u0623\u0633\u0628\u0627\u0628 \u0645\u0639 \u0634\u0631\u0643\u0629 \u0627\u0644\u0646\u0642\u0644 \u0641\u064a \u0623\u0642\u0631\u0628 \u0648\u0642\u062a \u0645\u0645\u0643\u0646 \u0648\u062f\u0631\u0627\u0633\u0629 \u0625\u0645\u0643\u0627\u0646\u064a\u0629 \u062a\u0633\u0644\u064a\u0645 \u0645\u0646\u062a\u062c \u0628\u062f\u064a\u0644 \u0644\u0643 \u060c \u0644\u064a\u062a\u0645 \u062a\u0633\u0644\u064a\u0645\u0647 \u0625\u0644\u064a\u0643 \u0641\u064a \u0627\u0644\u0645\u0648\u0627\u0639\u064a\u062f \u0627\u0644\u0646\u0647\u0627\u0626\u064a\u0629 \u0627\u0644\u0648\u0627\u0631\u062f\u0629 \u0641\u064a \u0633\u064a\u0627\u0633\u0629 \u0627\u0644\u062a\u0633\u0644\u064a\u0645 \u0627\u0644\u062e\u0627\u0635\u0629 \u0628\u0646\u0627.<\/p>","protected":false},"excerpt":{"rendered":"<p>Zones de livraison Nous livrons les grandes et petites villes, ci-dessous la cartographie ainsi que les d\u00e9lais pour toute commande effectu\u00e9e et trait\u00e9e avant 15h&nbsp;: Modification de l\u2019adresse de livraison&nbsp;: Si votre demande de changement d\u2019adresse de livraison est faite apr\u00e8s l\u2019exp\u00e9dition de la commande, pri\u00e8re notifier votre demande sur contact@storeoryx.com ou en appelant notre&hellip;<\/p>","protected":false},"author":1,"featured_media":0,"parent":0,"menu_order":0,"comment_status":"closed","ping_status":"closed","template":"","meta":{"_joinchat":{"telephone":"+212660127127"},"footnotes":""},"class_list":["post-747","page","type-page","status-publish","hentry"],"yoast_head":"<!-- This site is optimized with the Yoast SEO Premium plugin v18.2.1 (Yoast SEO v19.6.1) - https:\/\/yoast.com\/wordpress\/plugins\/seo\/ -->\n<title>Politique de livraison - Store ORYX<\/title>\n<meta name=\"description\" content=\"Politique de livraison - Store ORYX\" \/>\n<meta name=\"robots\" content=\"index, follow, max-snippet:-1, max-image-preview:large, max-video-preview:-1\" \/>\n<link rel=\"canonical\" href=\"https:\/\/storeoryx.com\/ar\/politique-de-livraison\/\" \/>\n<meta property=\"og:locale\" content=\"ar_AR\" \/>\n<meta property=\"og:type\" content=\"article\" \/>\n<meta property=\"og:title\" content=\"Politique de livraison\" \/>\n<meta property=\"og:description\" content=\"Politique de livraison - Store ORYX\" \/>\n<meta property=\"og:url\" content=\"https:\/\/storeoryx.com\/ar\/politique-de-livraison\/\" \/>\n<meta property=\"og:site_name\" content=\"Store ORYX\" \/>\n<meta property=\"article:publisher\" content=\"https:\/\/www.facebook.com\/oryxmorocco\" \/>\n<meta property=\"article:modified_time\" content=\"2022-04-01T12:19:53+00:00\" \/>\n<meta property=\"og:image\" content=\"https:\/\/storeoryx.com\/wp-content\/uploads\/2022\/03\/livraisons-fr-1024x340.png\" \/>\n<meta name=\"twitter:card\" content=\"summary_large_image\" \/>\n<meta name=\"twitter:label1\" content=\"\u0648\u0642\u062a \u0627\u0644\u0642\u0631\u0627\u0621\u0629 \u0627\u0644\u0645\u064f\u0642\u062f\u0651\u0631\" \/>\n\t<meta name=\"twitter:data1\" content=\"\u062f\u0642\u064a\u0642\u0629 \u0648\u0627\u062d\u062f\u0629\" \/>\n<script type=\"application\/ld+json\" class=\"yoast-schema-graph\">{\"@context\":\"https:\/\/schema.org\",\"@graph\":[{\"@type\":\"WebPage\",\"@id\":\"https:\/\/storeoryx.com\/politique-de-livraison\/\",\"url\":\"https:\/\/storeoryx.com\/politique-de-livraison\/\",\"name\":\"Politique de livraison - Store ORYX\",\"isPartOf\":{\"@id\":\"https:\/\/storeoryx.com\/#website\"},\"datePublished\":\"2022-03-01T14:39:51+00:00\",\"dateModified\":\"2022-04-01T12:19:53+00:00\",\"description\":\"Politique de livraison - Store ORYX\",\"breadcrumb\":{\"@id\":\"https:\/\/storeoryx.com\/politique-de-livraison\/#breadcrumb\"},\"inLanguage\":\"ar\",\"potentialAction\":[{\"@type\":\"ReadAction\",\"target\":[\"https:\/\/storeoryx.com\/politique-de-livraison\/\"]}]},{\"@type\":\"BreadcrumbList\",\"@id\":\"https:\/\/storeoryx.com\/politique-de-livraison\/#breadcrumb\",\"itemListElement\":[{\"@type\":\"ListItem\",\"position\":1,\"name\":\"Home\",\"item\":\"https:\/\/storeoryx.com\/\"},{\"@type\":\"ListItem\",\"position\":2,\"name\":\"Politique de livraison\"}]},{\"@type\":\"WebSite\",\"@id\":\"https:\/\/storeoryx.com\/#website\",\"url\":\"https:\/\/storeoryx.com\/\",\"name\":\"Store ORYX\",\"description\":\"Fostering Connectivity\",\"publisher\":{\"@id\":\"https:\/\/storeoryx.com\/#organization\"},\"potentialAction\":[{\"@type\":\"SearchAction\",\"target\":{\"@type\":\"EntryPoint\",\"urlTemplate\":\"https:\/\/storeoryx.com\/?s={search_term_string}\"},\"query-input\":\"required name=search_term_string\"}],\"inLanguage\":\"ar\"},{\"@type\":\"Organization\",\"@id\":\"https:\/\/storeoryx.com\/#organization\",\"name\":\"store oryx\",\"url\":\"https:\/\/storeoryx.com\/\",\"sameAs\":[\"https:\/\/www.instagram.com\/oryxmorocco\/\",\"https:\/\/www.linkedin.com\/company\/oryx-morocco\/\",\"https:\/\/www.facebook.com\/oryxmorocco\"],\"logo\":{\"@type\":\"ImageObject\",\"inLanguage\":\"ar\",\"@id\":\"https:\/\/storeoryx.com\/#\/schema\/logo\/image\/\",\"url\":\"https:\/\/i0.wp.com\/storeoryx.com\/wp-content\/uploads\/2022\/04\/logo-slogan1.png?fit=135%2C51&ssl=1\",\"contentUrl\":\"https:\/\/i0.wp.com\/storeoryx.com\/wp-content\/uploads\/2022\/04\/logo-slogan1.png?fit=135%2C51&ssl=1\",\"width\":135,\"height\":51,\"caption\":\"store oryx\"},\"image\":{\"@id\":\"https:\/\/storeoryx.com\/#\/schema\/logo\/image\/\"}}]}<\/script>\n<!-- \/ Yoast SEO Premium plugin. -->","yoast_head_json":{"title":"Politique de livraison - Store ORYX","description":"Politique de livraison - Store ORYX","robots":{"index":"index","follow":"follow","max-snippet":"max-snippet:-1","max-image-preview":"max-image-preview:large","max-video-preview":"max-video-preview:-1"},"canonical":"https:\/\/storeoryx.com\/ar\/politique-de-livraison\/","og_locale":"ar_AR","og_type":"article","og_title":"Politique de livraison","og_description":"Politique de livraison - Store ORYX","og_url":"https:\/\/storeoryx.com\/ar\/politique-de-livraison\/","og_site_name":"Store ORYX","article_publisher":"https:\/\/www.facebook.com\/oryxmorocco","article_modified_time":"2022-04-01T12:19:53+00:00","og_image":[{"url":"https:\/\/storeoryx.com\/wp-content\/uploads\/2022\/03\/livraisons-fr-1024x340.png"}],"twitter_card":"summary_large_image","twitter_misc":{"\u0648\u0642\u062a \u0627\u0644\u0642\u0631\u0627\u0621\u0629 \u0627\u0644\u0645\u064f\u0642\u062f\u0651\u0631":"\u062f\u0642\u064a\u0642\u0629 \u0648\u0627\u062d\u062f\u0629"},"schema":{"@context":"https:\/\/schema.org","@graph":[{"@type":"WebPage","@id":"https:\/\/storeoryx.com\/politique-de-livraison\/","url":"https:\/\/storeoryx.com\/politique-de-livraison\/","name":"Politique de livraison - Store ORYX","isPartOf":{"@id":"https:\/\/storeoryx.com\/#website"},"datePublished":"2022-03-01T14:39:51+00:00","dateModified":"2022-04-01T12:19:53+00:00","description":"Politique de livraison - Store ORYX","breadcrumb":{"@id":"https:\/\/storeoryx.com\/politique-de-livraison\/#breadcrumb"},"inLanguage":"ar","potentialAction":[{"@type":"ReadAction","target":["https:\/\/storeoryx.com\/politique-de-livraison\/"]}]},{"@type":"BreadcrumbList","@id":"https:\/\/storeoryx.com\/politique-de-livraison\/#breadcrumb","itemListElement":[{"@type":"ListItem","position":1,"name":"Home","item":"https:\/\/storeoryx.com\/"},{"@type":"ListItem","position":2,"name":"Politique de livraison"}]},{"@type":"WebSite","@id":"https:\/\/storeoryx.com\/#website","url":"https:\/\/storeoryx.com\/","name":"Store ORYX","description":"Fostering Connectivity","publisher":{"@id":"https:\/\/storeoryx.com\/#organization"},"potentialAction":[{"@type":"SearchAction","target":{"@type":"EntryPoint","urlTemplate":"https:\/\/storeoryx.com\/?s={search_term_string}"},"query-input":"required name=search_term_string"}],"inLanguage":"ar"},{"@type":"Organization","@id":"https:\/\/storeoryx.com\/#organization","name":"store oryx","url":"https:\/\/storeoryx.com\/","sameAs":["https:\/\/www.instagram.com\/oryxmorocco\/","https:\/\/www.linkedin.com\/company\/oryx-morocco\/","https:\/\/www.facebook.com\/oryxmorocco"],"logo":{"@type":"ImageObject","inLanguage":"ar","@id":"https:\/\/storeoryx.com\/#\/schema\/logo\/image\/","url":"https:\/\/i0.wp.com\/storeoryx.com\/wp-content\/uploads\/2022\/04\/logo-slogan1.png?fit=135%2C51&ssl=1","contentUrl":"https:\/\/i0.wp.com\/storeoryx.com\/wp-content\/uploads\/2022\/04\/logo-slogan1.png?fit=135%2C51&ssl=1","width":135,"height":51,"caption":"store oryx"},"image":{"@id":"https:\/\/storeoryx.com\/#\/schema\/logo\/image\/"}}]}},"_links":{"self":[{"href":"https:\/\/storeoryx.com\/ar\/wp-json\/wp\/v2\/pages\/747","targetHints":{"allow":["GET"]}}],"collection":[{"href":"https:\/\/storeoryx.com\/ar\/wp-json\/wp\/v2\/pages"}],"about":[{"href":"https:\/\/storeoryx.com\/ar\/wp-json\/wp\/v2\/types\/page"}],"author":[{"embeddable":true,"href":"https:\/\/storeoryx.com\/ar\/wp-json\/wp\/v2\/users\/1"}],"replies":[{"embeddable":true,"href":"https:\/\/storeoryx.com\/ar\/wp-json\/wp\/v2\/comments?post=747"}],"version-history":[{"count":0,"href":"https:\/\/storeoryx.com\/ar\/wp-json\/wp\/v2\/pages\/747\/revisions"}],"wp:attachment":[{"href":"https:\/\/storeoryx.com\/ar\/wp-json\/wp\/v2\/media?parent=747"}],"curies":[{"name":"wp","href":"https:\/\/api.w.org\/{rel}","templated":true}]}}